{"id":3750,"date":"2025-08-04T16:42:52","date_gmt":"2025-08-04T16:42:52","guid":{"rendered":"https:\/\/beslotenruimten.be\/?post_type=product&#038;p=3750"},"modified":"2025-08-05T12:19:07","modified_gmt":"2025-08-05T12:19:07","slug":"systeme-antichute-reglable-en-hauteur","status":"publish","type":"product","link":"https:\/\/beslotenruimten.be\/fr\/produit\/systeme-antichute-reglable-en-hauteur\/","title":{"rendered":"Syst\u00e8me antichute r\u00e9glable en hauteur"},"content":{"rendered":"<p class=\"p3\">Le syst\u00e8me <span class=\"s2\"><b>IN\u20118022<\/b><\/span> fait partie du <span class=\"s2\"><b>XLT<\/b><\/span> (eXtended Lift and Tie-off) de Xtirpa\u2122, combinant un <span class=\"s2\"><b>\u00e9l\u00e9vateur t\u00e9lescopique <\/b><\/span>avec un emplacement SRL \u00e0 hauteur de base, con\u00e7u pour s\u00e9curiser les acc\u00e8s verticaux depuis des plates-formes sur\u00e9lev\u00e9es ou en hauteur. Le syst\u00e8me propose une configuration adaptable fixe ou offrant un ancrage fiable sans n\u00e9cessit\u00e9 d\u2019installation permanente, et une capacit\u00e9 de rel\u00e8vement et sauvetage int\u00e9gr\u00e9e sur toute intervention en travail en hauteur.<\/p>\n<p>&nbsp;<\/p>\n<p class=\"p3\"><b>Caract\u00e9ristiques techniques<\/b><\/p>\n<ul>\n<li>\n<p class=\"p1\"><span class=\"s1\"><b>Extension du m\u00e2t<\/b><\/span> ajustable en hauteur de 4.5 \u00e0 7.4 sur deux mod\u00e8les disponibles\u202f: port\u00e9e de 1\u202f829\u202fmm \u00e0 2\u202f743\u202fmm selon configuration XLT<\/p>\n<\/li>\n<li>\n<p class=\"p1\"><span class=\"s1\"><b>Syst\u00e8me XLT complet<\/b><\/span>\u202f: unit\u00e9 SRL mont\u00e9e au niveau du sol pour s\u00e9curiser l\u2019approche et le sauvetage<\/p>\n<\/li>\n<li>\n<p class=\"p1\"><b>Capacit\u00e9 maximale WLL<\/b><span class=\"s1\"> : 164\u202fkg (360\u202flb)<\/span><\/p>\n<\/li>\n<li>\n<p class=\"p1\"><span class=\"s1\"><b>R\u00e9sistance \u00e0 la rupture<\/b><\/span> : \u2265\u202f22\u202fkN (5\u202f000\u202flb), certifi\u00e9e selon EN\u202f795 Type\u202fB<\/p>\n<\/li>\n<li><span class=\"s1\"><b>R\u00e9sistance \u00e0 la rupture<\/b><\/span> : \u2265\u202f22\u202fkN (5\u202f000\u202flb), certifi\u00e9e selon EN\u202f795 Type\u202fB<\/li>\n<\/ul>\n<p>&nbsp;<\/p>\n<h3><b>Facilit\u00e9 d\u2019installation et adaptabilit\u00e9<\/b><\/h3>\n<p class=\"p3\">Le syst\u00e8me <span class=\"s2\"><b>IN\u20118022\/XLT<\/b><\/span> est con\u00e7u pour un montage rapide et intuitif. Il peut \u00eatre directement utilis\u00e9 au sol, avec son SRL r\u00e9glable donnant un point d\u2019ancrage sans installation d\u2019\u00e9quipement permanent. Il s\u2019installe facilement par une personne seule et permet d\u2019adapter rapidement sa hauteur pour intervenir sur divers environnements, notamment plateformes sur\u00e9lev\u00e9es, mezzanines ou sites industriels avec contraintes d\u2019ancrage.<\/p>\n<h3><b>Modularit\u00e9 &amp; compatibilit\u00e9 Xtirpa\u2122<\/b><\/h3>\n<p class=\"p3\">Conforme \u00e0 l\u2019approche modulaire Xtirpa\u2122, l\u2019<span class=\"s2\"><b>IN\u20118022<\/b><\/span> s\u2019associe avec SRL de r\u00e9cup\u00e9ration, rails de glissement, et options de stabilisation (contrepoids ou bases). Il fonctionne en lien avec les syst\u00e8mes XLT et permet de cr\u00e9er des configurations d\u2019acc\u00e8s, de sauvetage ou de travail en hauteur selon les besoins sp\u00e9cifiques du chantier, tout en optimisant la r\u00e9utilisation des composants.<\/p>\n","protected":false},"excerpt":{"rendered":"<div><b>Syst\u00e8me antichute XLT avec plan de recuperation int\u00e9gr\u00e9e<\/b><\/div>\n","protected":false},"featured_media":3761,"template":"","meta":{"_acf_changed":false},"product_brand":[56],"product_cat":[25],"product_tag":[103],"class_list":{"0":"post-3750","1":"product","2":"type-product","3":"status-publish","4":"has-post-thumbnail","6":"product_brand-xtirpa","7":"product_cat-vertical","8":"product_tag-in-8022","10":"first","11":"instock","12":"shipping-taxable","13":"product-type-simple"},"acf":[],"_links":{"self":[{"href":"https:\/\/beslotenruimten.be\/fr\/wp-json\/wp\/v2\/product\/3750","targetHints":{"allow":["GET"]}}],"collection":[{"href":"https:\/\/beslotenruimten.be\/fr\/wp-json\/wp\/v2\/product"}],"about":[{"href":"https:\/\/beslotenruimten.be\/fr\/wp-json\/wp\/v2\/types\/product"}],"version-history":[{"count":3,"href":"https:\/\/beslotenruimten.be\/fr\/wp-json\/wp\/v2\/product\/3750\/revisions"}],"predecessor-version":[{"id":3861,"href":"https:\/\/beslotenruimten.be\/fr\/wp-json\/wp\/v2\/product\/3750\/revisions\/3861"}],"wp:featuredmedia":[{"embeddable":true,"href":"https:\/\/beslotenruimten.be\/fr\/wp-json\/wp\/v2\/media\/3761"}],"wp:attachment":[{"href":"https:\/\/beslotenruimten.be\/fr\/wp-json\/wp\/v2\/media?parent=3750"}],"wp:term":[{"taxonomy":"product_brand","embeddable":true,"href":"https:\/\/beslotenruimten.be\/fr\/wp-json\/wp\/v2\/product_brand?post=3750"},{"taxonomy":"product_cat","embeddable":true,"href":"https:\/\/beslotenruimten.be\/fr\/wp-json\/wp\/v2\/product_cat?post=3750"},{"taxonomy":"product_tag","embeddable":true,"href":"https:\/\/beslotenruimten.be\/fr\/wp-json\/wp\/v2\/product_tag?post=3750"}],"curies":[{"name":"wp","href":"https:\/\/api.w.org\/{rel}","templated":true}]}}