{"id":2410,"date":"2025-06-25T20:30:29","date_gmt":"2025-06-25T20:30:29","guid":{"rendered":"https:\/\/beslotenruimten.be\/?post_type=product&#038;p=2410"},"modified":"2025-08-05T12:40:36","modified_gmt":"2025-08-05T12:40:36","slug":"in-8014-adaptateur-pour-trou-dhomme-et-mat-fixe","status":"publish","type":"product","link":"https:\/\/beslotenruimten.be\/fr\/produit\/in-8014-adaptateur-pour-trou-dhomme-et-mat-fixe\/","title":{"rendered":"Potence de 381mm et anneau d\u2019entr\u00e9e"},"content":{"rendered":"<p style=\"font-weight: 400;\"><strong>Configuration unique<\/strong><\/p>\n<p style=\"font-weight: 400;\">Le syst\u00e8me IN-8014 de Xtirpa\u2122 combine divers accessoires avec un bras de potence court IN-2395. Gr\u00e2ce \u00e0 sa conception ing\u00e9nieuse, l\u2019IN-8014 peut \u00eatre mont\u00e9 directement, sans per\u00e7age, sur diff\u00e9rents types de murs ou surfaces en acier ou en b\u00e9ton. Cette flexibilit\u00e9 le rend id\u00e9al pour des travaux temporaires o\u00f9 un ancrage structurel n\u2019est pas possible ou souhait\u00e9. Id\u00e9al pour les r\u00e9servoirs dans un espace avec une hauteur de plafond limit\u00e9e<\/p>\n<p style=\"font-weight: 400;\">L\u2019anneau d\u2019entr\u00e9e mobile fournit un point d\u2019ancrage sur un regard circulaire d\u2019un r\u00e9servoir, particuli\u00e8rement utile lorsque l\u2019environnement autour du regard est irr\u00e9gulier ou restreint. L\u2019anneau inclinable peut \u00eatre utilis\u00e9e sur des regards positionn\u00e9s en biais sur la cuve.<\/p>\n<p style=\"font-weight: 400;\"><strong>Anneau d\u2019entr\u00e9e fixe ou inclinable<\/strong><\/p>\n<p style=\"font-weight: 400;\">Le bras de potence court est id\u00e9al sur des trous d\u2019homme de 500 jusqu\u2019\u00e0 700mm.<\/p>\n<p style=\"font-weight: 400;\"><strong>Point d\u2019ancrage solide pour 2 personnes<\/strong><\/p>\n<p style=\"font-weight: 400;\">Le syst\u00e8me d\u2019acc\u00e8s est con\u00e7u pour une charge de travail s\u00fbre allant jusqu\u2019\u00e0 164 kg et pr\u00e9sente une r\u00e9sistance minimale \u00e0 la rupture de 16 kN, conforme aux normes EN, OSHA, ANSI et CSA. Le syst\u00e8me est certifi\u00e9 pour un maximum de deux personnes selon la norme CEN\/TS 16415. L\u2019ancrage en D en acier, situ\u00e9 sur le bras de potence court, a une r\u00e9sistance \u00e0 la rupture de 22 kN.<\/p>\n<p style=\"font-weight: 400;\"><strong>Compatibilit\u00e9 enrouleur \u00e0 rappel automatique avec r\u00e9cup\u00e9rateur \/ treuil<\/strong><\/p>\n<p style=\"font-weight: 400;\">Le bras de potence IN-2395 est compatible avec plusieurs treuils, dont le treuil Xtirpa\u2122 IN-2477, qui peut \u00eatre fix\u00e9 au bras \u00e0 l\u2019aide d\u2019un support d\u00e9di\u00e9. Plusieurs supports de fixation existent pour diff\u00e9rentes marques de SRL.<\/p>\n<p style=\"font-weight: 400;\"><strong>Extension possible avec d\u2019autres bras de potence Xtirpa\u2122<\/strong><\/p>\n<p style=\"font-weight: 400;\">Le syst\u00e8me IN-8014 est con\u00e7u pour accueillir diff\u00e9rents types de bras de potence Xtirpa\u2122, en fonction des besoins sp\u00e9cifiques sur site.<\/p>\n<p style=\"font-weight: 400;\"><strong>Installation rapide et intuitive<\/strong><\/p>\n<p style=\"font-weight: 400;\">Un des grands atouts de l\u2019IN-8014 est sa capacit\u00e9 \u00e0 \u00eatre install\u00e9 rapidement par une seule personne. L\u2019adaptateur est plac\u00e9 manuellement sur le mur ou dans le regard, puis s\u00e9curis\u00e9 \u00e0 l\u2019aide de vis de serrage ergonomiques et robustes. Aucun outil n\u2019est n\u00e9cessaire pour l\u2019installation ou le retrait (selon le mod\u00e8le). L\u2019anneau d\u2019entr\u00e9e peut \u00eatre verrouill\u00e9e avec un syst\u00e8me anti-basculement.<\/p>\n","protected":false},"excerpt":{"rendered":"<p class=\"p1\">Grande barri\u00e8re autoportantes<\/p>\n","protected":false},"featured_media":2421,"template":"","meta":{"_acf_changed":false},"product_brand":[56],"product_cat":[25],"product_tag":[84],"class_list":{"0":"post-2410","1":"product","2":"type-product","3":"status-publish","4":"has-post-thumbnail","6":"product_brand-xtirpa","7":"product_cat-vertical","8":"product_tag-in-8014","10":"first","11":"instock","12":"shipping-taxable","13":"product-type-simple"},"acf":[],"_links":{"self":[{"href":"https:\/\/beslotenruimten.be\/fr\/wp-json\/wp\/v2\/product\/2410","targetHints":{"allow":["GET"]}}],"collection":[{"href":"https:\/\/beslotenruimten.be\/fr\/wp-json\/wp\/v2\/product"}],"about":[{"href":"https:\/\/beslotenruimten.be\/fr\/wp-json\/wp\/v2\/types\/product"}],"version-history":[{"count":7,"href":"https:\/\/beslotenruimten.be\/fr\/wp-json\/wp\/v2\/product\/2410\/revisions"}],"predecessor-version":[{"id":3869,"href":"https:\/\/beslotenruimten.be\/fr\/wp-json\/wp\/v2\/product\/2410\/revisions\/3869"}],"wp:featuredmedia":[{"embeddable":true,"href":"https:\/\/beslotenruimten.be\/fr\/wp-json\/wp\/v2\/media\/2421"}],"wp:attachment":[{"href":"https:\/\/beslotenruimten.be\/fr\/wp-json\/wp\/v2\/media?parent=2410"}],"wp:term":[{"taxonomy":"product_brand","embeddable":true,"href":"https:\/\/beslotenruimten.be\/fr\/wp-json\/wp\/v2\/product_brand?post=2410"},{"taxonomy":"product_cat","embeddable":true,"href":"https:\/\/beslotenruimten.be\/fr\/wp-json\/wp\/v2\/product_cat?post=2410"},{"taxonomy":"product_tag","embeddable":true,"href":"https:\/\/beslotenruimten.be\/fr\/wp-json\/wp\/v2\/product_tag?post=2410"}],"curies":[{"name":"wp","href":"https:\/\/api.w.org\/{rel}","templated":true}]}}