{"id":2383,"date":"2025-06-25T15:58:39","date_gmt":"2025-06-25T15:58:39","guid":{"rendered":"https:\/\/beslotenruimten.be\/?post_type=product&#038;p=2383"},"modified":"2025-08-06T13:31:41","modified_gmt":"2025-08-06T13:31:41","slug":"in-8012-systeme-a-contrepoids-et-potence-1200-mm","status":"publish","type":"product","link":"https:\/\/beslotenruimten.be\/fr\/produit\/in-8012-systeme-a-contrepoids-et-potence-1200-mm\/","title":{"rendered":"Potence de 1200 mm et stabilisateur en T"},"content":{"rendered":"<p style=\"font-weight: 400;\"><strong>Large \u00e9ventail d\u2019adaptateurs selon la structure<\/strong><\/p>\n<p style=\"font-weight: 400;\">Le syst\u00e8me IN-8012 se compose d\u2019un m\u00e2t IN-2240, d\u2019un bras de potence IN-2237 et d\u2019un stabilisateur en T IN-2305. Ce syst\u00e8me d\u2019acc\u00e8s peut \u00eatre utilis\u00e9 comme point d\u2019ancrage mobile ou fixe. Gr\u00e2ce \u00e0 sa large gamme d\u2019accessoires, le stabilisateur en T peut \u00eatre fix\u00e9 sur une boule d\u2019attelage (50 mm), un contrepoids mobile ou une mezzanine \u00e0 l\u2019aide d\u2019une pince en C r\u00e9glable. En cas d\u2019utilisation sur une boule d\u2019attelage, un prolongateur, avec ou sans angle de 90\u00b0, peut \u00eatre ajout\u00e9. Cela offre une solution de sauvetage flexible et innovante pour les acc\u00e8s verticaux \u00e0 des puits, fosses ou tranch\u00e9es.<\/p>\n<p style=\"font-weight: 400;\"><strong>Solution mobile<\/strong><\/p>\n<p style=\"font-weight: 400;\">Le stabilisateur en T avec roues, combin\u00e9 \u00e0 un contrepoids mobile, est facilement d\u00e9pla\u00e7able sur des surfaces planes et dures.<\/p>\n<p style=\"font-weight: 400;\"><strong>Compatibilit\u00e9 enrouleur \u00e0 rappel automatique avec r\u00e9cup\u00e9rateur \/ treuil<\/strong><\/p>\n<p style=\"font-weight: 400;\">L\u2019IN-8012 est compatible avec plusieurs treuils, y compris le treuil Xtirpa\u2122 IN-2477. Divers supports de fixation sont disponibles pour une large gamme de SRL.<\/p>\n<p style=\"font-weight: 400;\"><strong>Point d\u2019ancrage solide pour 2 personnes<\/strong><\/p>\n<p style=\"font-weight: 400;\">Le syst\u00e8me d\u2019acc\u00e8s est con\u00e7u pour une charge de travail s\u00fbre allant jusqu\u2019\u00e0 164 kg et offre une r\u00e9sistance \u00e0 la rupture de 19,5 kN, r\u00e9pondant aux normes EN, OSHA, ANSI et CSA. Il est certifi\u00e9 selon la norme CEN\/TS 16415 pour un maximum de deux personnes. L\u2019ancrage en D en acier, situ\u00e9 au centre du bras, a une r\u00e9sistance \u00e0 la rupture de 22 kN.<\/p>\n<p style=\"font-weight: 400;\"><strong>Installation et d\u00e9placement rapides et intuitifs<\/strong><\/p>\n<p style=\"font-weight: 400;\">Le syst\u00e8me s\u2019installe en quelques minutes, sans outils. Le m\u00e2t est plac\u00e9 sur le stabilisateur, et le bras de potence est verrouill\u00e9 sur le m\u00e2t \u00e0 l\u2019aide de goupilles de s\u00e9curit\u00e9.<\/p>\n","protected":false},"excerpt":{"rendered":"<p class=\"p1\">Grande barri\u00e8re autoportantes<\/p>\n","protected":false},"featured_media":2394,"template":"","meta":{"_acf_changed":false},"product_brand":[56],"product_cat":[25],"product_tag":[83],"class_list":{"0":"post-2383","1":"product","2":"type-product","3":"status-publish","4":"has-post-thumbnail","6":"product_brand-xtirpa","7":"product_cat-vertical","8":"product_tag-in-8012","10":"first","11":"instock","12":"shipping-taxable","13":"product-type-simple"},"acf":[],"_links":{"self":[{"href":"https:\/\/beslotenruimten.be\/fr\/wp-json\/wp\/v2\/product\/2383","targetHints":{"allow":["GET"]}}],"collection":[{"href":"https:\/\/beslotenruimten.be\/fr\/wp-json\/wp\/v2\/product"}],"about":[{"href":"https:\/\/beslotenruimten.be\/fr\/wp-json\/wp\/v2\/types\/product"}],"version-history":[{"count":10,"href":"https:\/\/beslotenruimten.be\/fr\/wp-json\/wp\/v2\/product\/2383\/revisions"}],"predecessor-version":[{"id":3908,"href":"https:\/\/beslotenruimten.be\/fr\/wp-json\/wp\/v2\/product\/2383\/revisions\/3908"}],"wp:featuredmedia":[{"embeddable":true,"href":"https:\/\/beslotenruimten.be\/fr\/wp-json\/wp\/v2\/media\/2394"}],"wp:attachment":[{"href":"https:\/\/beslotenruimten.be\/fr\/wp-json\/wp\/v2\/media?parent=2383"}],"wp:term":[{"taxonomy":"product_brand","embeddable":true,"href":"https:\/\/beslotenruimten.be\/fr\/wp-json\/wp\/v2\/product_brand?post=2383"},{"taxonomy":"product_cat","embeddable":true,"href":"https:\/\/beslotenruimten.be\/fr\/wp-json\/wp\/v2\/product_cat?post=2383"},{"taxonomy":"product_tag","embeddable":true,"href":"https:\/\/beslotenruimten.be\/fr\/wp-json\/wp\/v2\/product_tag?post=2383"}],"curies":[{"name":"wp","href":"https:\/\/api.w.org\/{rel}","templated":true}]}}