{"id":2362,"date":"2025-06-25T11:51:15","date_gmt":"2025-06-25T11:51:15","guid":{"rendered":"https:\/\/beslotenruimten.be\/?post_type=product&#038;p=2362"},"modified":"2025-08-06T13:34:14","modified_gmt":"2025-08-06T13:34:14","slug":"in-8011-grande-barriere-autoportantes","status":"publish","type":"product","link":"https:\/\/beslotenruimten.be\/fr\/produit\/in-8011-grande-barriere-autoportantes\/","title":{"rendered":"Grand garde-corps avec potence de 610mm"},"content":{"rendered":"<p style=\"font-weight: 400;\"><strong>Protection collective<\/strong><\/p>\n<p style=\"font-weight: 400;\">L\u2019IN-8011 est un grand garde-corps mobile sur lequel peut \u00eatre fix\u00e9 un bras de potence avec une port\u00e9e de 610 mm. Ce syst\u00e8me d\u2019acc\u00e8s est con\u00e7u pour s\u00e9curiser les travailleurs op\u00e9rant au-dessus d\u2019ouvertures verticales (regards, trappes, etc.). La barri\u00e8re fournit une protection collective pour le surveillant de s\u00e9curit\u00e9 ou les autres personnes pr\u00e9sentes.<\/p>\n<p style=\"font-weight: 400;\"><strong>Configuration en V ou \u00e0 4 c\u00f4t\u00e9s<\/strong><\/p>\n<p style=\"font-weight: 400;\">Gr\u00e2ce \u00e0 sa conception modulaire, l&rsquo;utilisateur peut configurer la barri\u00e8re en forme classique \u00e0 4 c\u00f4t\u00e9s ou en \u201cV\u201d. Il est possible d\u2019ouvrir le garde-corps tout en maintenant la stabilit\u00e9. En configuration en V ou en cas d\u2019utilisation d\u2019un antichute de plus de 15 m, l\u2019utilisation d\u2019un stabilisateur suppl\u00e9mentaire est obligatoire. Le stabilisateur \u00e0 roues (A2108-20) permet de d\u00e9placer le syst\u00e8me sur sol plat.<\/p>\n<p style=\"font-weight: 400;\"><strong>Installation et d\u00e9placement rapides<\/strong><\/p>\n<p style=\"font-weight: 400;\">Le syst\u00e8me peut \u00eatre install\u00e9 en moins de 3 minutes, sans outils. Le verrouillage se fait \u00e0 l\u2019aide de goupilles de s\u00e9curit\u00e9. L\u00e9g\u00e8re et compacte, le garde-corps est facile \u00e0 transporter et \u00e0 installer de mani\u00e8re autonome.<\/p>\n<p style=\"font-weight: 400;\"><strong>Compatibilit\u00e9 enrouleur \u00e0 rappel automatique avec r\u00e9cup\u00e9rateur \/ treuil<\/strong><\/p>\n<p style=\"font-weight: 400;\">L\u2019IN-8011 est enti\u00e8rement compatible avec le treuil SRL Xtirpa\u2122 (IN-2477) ou un treuil motoris\u00e9 pour personnes. Plusieurs supports de fixation sont disponibles pour diff\u00e9rentes marques de blocs antichute.<\/p>\n<p style=\"font-weight: 400;\"><strong>Point d\u2019ancrage solide et stable pour 2 personnes<\/strong><\/p>\n<p style=\"font-weight: 400;\">Le bras de potence combin\u00e9 au garde-corps a une r\u00e9sistance \u00e0 la rupture de 18,68 kN et est plus stable apr\u00e8s une chute qu\u2019un syst\u00e8me avec base en H. L\u2019ancrage en D en acier, situ\u00e9 au centre du bras, pr\u00e9sente une r\u00e9sistance \u00e0 la rupture de 22 kN.<br \/>\nLe syst\u00e8me est certifi\u00e9 selon les normes EN 795 type B, CE, OSHA, CSA et poss\u00e8de une charge de travail s\u00fbre de 190 kg.<\/p>\n<p style=\"font-weight: 400;\"><strong>Comparaison avec l\u2019IN-8002<\/strong><\/p>\n<ul style=\"font-weight: 400;\">\n<li><strong>Largeur<\/strong> : La barri\u00e8re mobile de l\u2019IN-8011 (1300 mm) est plus large que celle de l\u2019IN-8002 (960 mm) et convient mieux aux trappes larges.<\/li>\n<li><strong>Modularit\u00e9<\/strong> : La barri\u00e8re de l\u2019IN-8011 peut \u00eatre \u00e9tendue avec des modules suppl\u00e9mentaires, offrant plus de flexibilit\u00e9 que l\u2019IN-8002.<\/li>\n<\/ul>\n","protected":false},"excerpt":{"rendered":"<p class=\"p1\">Grande barri\u00e8re autoportantes<\/p>\n","protected":false},"featured_media":2370,"template":"","meta":{"_acf_changed":false},"product_brand":[56],"product_cat":[25],"product_tag":[82],"class_list":{"0":"post-2362","1":"product","2":"type-product","3":"status-publish","4":"has-post-thumbnail","6":"product_brand-xtirpa","7":"product_cat-vertical","8":"product_tag-in-8011","10":"first","11":"instock","12":"shipping-taxable","13":"product-type-simple"},"acf":[],"_links":{"self":[{"href":"https:\/\/beslotenruimten.be\/fr\/wp-json\/wp\/v2\/product\/2362","targetHints":{"allow":["GET"]}}],"collection":[{"href":"https:\/\/beslotenruimten.be\/fr\/wp-json\/wp\/v2\/product"}],"about":[{"href":"https:\/\/beslotenruimten.be\/fr\/wp-json\/wp\/v2\/types\/product"}],"version-history":[{"count":10,"href":"https:\/\/beslotenruimten.be\/fr\/wp-json\/wp\/v2\/product\/2362\/revisions"}],"predecessor-version":[{"id":3911,"href":"https:\/\/beslotenruimten.be\/fr\/wp-json\/wp\/v2\/product\/2362\/revisions\/3911"}],"wp:featuredmedia":[{"embeddable":true,"href":"https:\/\/beslotenruimten.be\/fr\/wp-json\/wp\/v2\/media\/2370"}],"wp:attachment":[{"href":"https:\/\/beslotenruimten.be\/fr\/wp-json\/wp\/v2\/media?parent=2362"}],"wp:term":[{"taxonomy":"product_brand","embeddable":true,"href":"https:\/\/beslotenruimten.be\/fr\/wp-json\/wp\/v2\/product_brand?post=2362"},{"taxonomy":"product_cat","embeddable":true,"href":"https:\/\/beslotenruimten.be\/fr\/wp-json\/wp\/v2\/product_cat?post=2362"},{"taxonomy":"product_tag","embeddable":true,"href":"https:\/\/beslotenruimten.be\/fr\/wp-json\/wp\/v2\/product_tag?post=2362"}],"curies":[{"name":"wp","href":"https:\/\/api.w.org\/{rel}","templated":true}]}}