{"id":2336,"date":"2025-06-24T16:10:46","date_gmt":"2025-06-24T16:10:46","guid":{"rendered":"https:\/\/beslotenruimten.be\/?post_type=product&#038;p=2336"},"modified":"2025-08-06T13:43:11","modified_gmt":"2025-08-06T13:43:11","slug":"in-8010-potence-et-adaptateur-mobil","status":"publish","type":"product","link":"https:\/\/beslotenruimten.be\/fr\/produit\/in-8010-potence-et-adaptateur-mobil\/","title":{"rendered":"Potence de 610mm avec m\u00e2t et anneau d\u2019entr\u00e9e ou adaptateur mural mobile"},"content":{"rendered":"<p style=\"font-weight: 400;\"><strong>Conception unique<\/strong><\/p>\n<p style=\"font-weight: 400;\">Le syst\u00e8me IN-8010 de Xtirpa\u2122 combine un adaptateur mural r\u00e9glable avec un m\u00e2t et un bras de potence. Gr\u00e2ce \u00e0 sa conception ing\u00e9nieuse, le syst\u00e8me peut \u00eatre install\u00e9 directement, sans per\u00e7age, sur diff\u00e9rents types de parois ou murs en acier ou en b\u00e9ton. Cette flexibilit\u00e9 en fait une solution id\u00e9ale pour des travaux temporaires o\u00f9 l\u2019ancrage structurel n\u2019est pas souhait\u00e9 ou possible.<\/p>\n<p style=\"font-weight: 400;\"><strong>Point d\u2019ancrage solide pour 2 personnes<\/strong><\/p>\n<p style=\"font-weight: 400;\">Le syst\u00e8me d\u2019acc\u00e8s est con\u00e7u pour une charge de travail s\u00fbre jusqu\u2019\u00e0 164 kg et une r\u00e9sistance \u00e0 la rupture de 16 kN, conform\u00e9ment aux normes EN, OSHA, ANSI et CSA. Le syst\u00e8me est certifi\u00e9 pour un maximum de deux personnes selon la norme CEN\/TS 16415. L\u2019ancrage en D en acier, situ\u00e9 au centre du bras, pr\u00e9sente une r\u00e9sistance \u00e0 la rupture de 22 kN.<\/p>\n<p style=\"font-weight: 400;\"><strong>Compatibilit\u00e9 enrouleur \u00e0 rappel automatique avec r\u00e9cup\u00e9rateur \/ treuil<\/strong><\/p>\n<p style=\"font-weight: 400;\">L\u2019IN-8010 est compatible avec plusieurs treuils, y compris le Xtirpa\u2122 IN-2477. Il existe plusieurs supports de fixation adapt\u00e9s aux diff\u00e9rentes marques de SRL.<\/p>\n<p style=\"font-weight: 400;\"><strong>Extension possible avec d\u2019autres bras de potence Xtirpa\u2122<\/strong><\/p>\n<p style=\"font-weight: 400;\">Le syst\u00e8me IN-8010 est con\u00e7u pour accueillir diff\u00e9rents types de bras de potence Xtirpa\u2122, selon la configuration du lieu de travail. Qu\u2019il s\u2019agisse d\u2019un bras court, r\u00e9glable ou fixe, l\u2019adaptateur mural fournit une base solide et stable pour une utilisation efficace.<\/p>\n<p style=\"font-weight: 400;\"><strong>Installation rapide et intuitive<\/strong><\/p>\n<p style=\"font-weight: 400;\">Un des grands atouts du syst\u00e8me IN-8010 est son installation rapide par un seul op\u00e9rateur. L\u2019adaptateur est plac\u00e9 manuellement contre le mur, puis fix\u00e9 \u00e0 l\u2019aide de vis de serrage ergonomiques et robustes. Aucun outil n\u2019est requis pour l\u2019installation ou le retrait (selon le mod\u00e8le). Une fois fix\u00e9, l\u2019adaptateur sert de support stable \u00e0 un m\u00e2t vertical et un bras de potence.<\/p>\n","protected":false},"excerpt":{"rendered":"<p class=\"p1\">Fixation murale pour acc\u00e8s vertical<\/p>\n<p>&nbsp;<\/p>\n","protected":false},"featured_media":2343,"template":"","meta":{"_acf_changed":false},"product_brand":[56],"product_cat":[25],"product_tag":[81],"class_list":{"0":"post-2336","1":"product","2":"type-product","3":"status-publish","4":"has-post-thumbnail","6":"product_brand-xtirpa","7":"product_cat-vertical","8":"product_tag-in-8010","10":"first","11":"instock","12":"shipping-taxable","13":"product-type-simple"},"acf":[],"_links":{"self":[{"href":"https:\/\/beslotenruimten.be\/fr\/wp-json\/wp\/v2\/product\/2336","targetHints":{"allow":["GET"]}}],"collection":[{"href":"https:\/\/beslotenruimten.be\/fr\/wp-json\/wp\/v2\/product"}],"about":[{"href":"https:\/\/beslotenruimten.be\/fr\/wp-json\/wp\/v2\/types\/product"}],"version-history":[{"count":6,"href":"https:\/\/beslotenruimten.be\/fr\/wp-json\/wp\/v2\/product\/2336\/revisions"}],"predecessor-version":[{"id":3919,"href":"https:\/\/beslotenruimten.be\/fr\/wp-json\/wp\/v2\/product\/2336\/revisions\/3919"}],"wp:featuredmedia":[{"embeddable":true,"href":"https:\/\/beslotenruimten.be\/fr\/wp-json\/wp\/v2\/media\/2343"}],"wp:attachment":[{"href":"https:\/\/beslotenruimten.be\/fr\/wp-json\/wp\/v2\/media?parent=2336"}],"wp:term":[{"taxonomy":"product_brand","embeddable":true,"href":"https:\/\/beslotenruimten.be\/fr\/wp-json\/wp\/v2\/product_brand?post=2336"},{"taxonomy":"product_cat","embeddable":true,"href":"https:\/\/beslotenruimten.be\/fr\/wp-json\/wp\/v2\/product_cat?post=2336"},{"taxonomy":"product_tag","embeddable":true,"href":"https:\/\/beslotenruimten.be\/fr\/wp-json\/wp\/v2\/product_tag?post=2336"}],"curies":[{"name":"wp","href":"https:\/\/api.w.org\/{rel}","templated":true}]}}