{"id":2302,"date":"2025-06-24T15:40:28","date_gmt":"2025-06-24T15:40:28","guid":{"rendered":"https:\/\/beslotenruimten.be\/?post_type=product&#038;p=2302"},"modified":"2025-08-06T13:36:12","modified_gmt":"2025-08-06T13:36:12","slug":"in-8008-perche-de-levage-pour-acces-horizontal","status":"publish","type":"product","link":"https:\/\/beslotenruimten.be\/fr\/produit\/in-8008-perche-de-levage-pour-acces-horizontal\/","title":{"rendered":"Syst\u00e8me perche de levage"},"content":{"rendered":"<p style=\"font-weight: 400;\"><strong>Con\u00e7u pour un acc\u00e8s lat\u00e9ral<\/strong><\/p>\n<p style=\"font-weight: 400;\">L\u2019IN-8008 est un syst\u00e8me modulaire et l\u00e9ger con\u00e7u pour un acc\u00e8s horizontal dans des espaces confin\u00e9s : silos, r\u00e9servoirs, regards. Il peut \u00eatre \u00e9quip\u00e9 de m\u00e2ts t\u00e9lescopiques IN-2337 (1219\u20131829 mm) ou IN-2338 (1440\u20132586 mm), selon la configuration du site. Il peut \u00e9galement \u00eatre \u00e9quip\u00e9 de pieds en T r\u00e9glables pour am\u00e9liorer la stabilit\u00e9 lors d\u2019une utilisation horizontale ou semi-verticale.<\/p>\n<p style=\"font-weight: 400;\"><strong>S\u00e9curit\u00e9 certifi\u00e9e<\/strong><\/p>\n<p style=\"font-weight: 400;\">Le syst\u00e8me d\u2019acc\u00e8s est con\u00e7u pour une charge de travail s\u00fbre jusqu\u2019\u00e0 164 kg et une r\u00e9sistance minimale \u00e0 la rupture de 16 kN, conforme aux normes EN, OSHA, ANSI et CSA. Le syst\u00e8me est certifi\u00e9 pour un maximum de deux personnes selon la norme CEN\/TS 16415.<\/p>\n<p style=\"font-weight: 400;\"><strong>Polyvalence<\/strong><\/p>\n<p style=\"font-weight: 400;\">Si le regard est \u00e9quip\u00e9 d\u2019une collerette, le point d\u2019ancrage \u00e0 l\u2019extr\u00e9mit\u00e9 du bras peut \u00eatre fix\u00e9 \u00e0 l\u2019adaptateur de bride IN-2242 mont\u00e9 sur cette collerette. Si le r\u00e9servoir n\u2019est pas suffisamment robuste pour supporter la bride, un point d\u2019ancrage peut \u00eatre cr\u00e9\u00e9 \u00e0 l\u2019aide d\u2019une portique IN-2241 qui doit \u00eatre \u00e2ncr\u00e9 avec un boulon \u00a0sur une structure en bois ou en acier. En fonction de la hauteur du trou d\u2019homme, trois types de pieds en T sont disponibles, tous r\u00e9glables en hauteur. Pour d\u00e9passer un angle de 90\u00b0 lors d\u2019un sauvetage, l\u2019utilisation d\u2019un <strong>rescue slider<\/strong> am\u00e9liore le confort et l\u2019efficacit\u00e9 pour la victime.<\/p>\n<p style=\"font-weight: 400;\"><strong>Compatibilit\u00e9 enrouleur \u00e0 rappel automatique avec r\u00e9cup\u00e9rateur \/ treuil<\/strong><\/p>\n<p style=\"font-weight: 400;\">L\u2019IN-8008 est compatible avec plusieurs treuils, dont le treuil Xtirpa\u2122 IN-2477. Il existe plusieurs supports de fixation pour une large gamme de SRL.<\/p>\n<p style=\"font-weight: 400;\"><strong>Installation rapide et intuitive<\/strong><\/p>\n<p style=\"font-weight: 400;\">Montage par une seule personne en quelques minutes : le pied en T est fix\u00e9 sur le m\u00e2t, puis reli\u00e9 \u00e0 un point d\u2019ancrage mobile ou un support. Id\u00e9al pour des lieux de travail changeants ou des interventions fr\u00e9quentes n\u00e9cessitant une grande flexibilit\u00e9.<\/p>\n","protected":false},"excerpt":{"rendered":"<p style=\"font-weight: 400;\">M\u00e2t, potence port\u00e9e 2400 mm<\/p>\n","protected":false},"featured_media":2310,"template":"","meta":{"_acf_changed":false},"product_brand":[56],"product_cat":[26,25],"product_tag":[80],"class_list":{"0":"post-2302","1":"product","2":"type-product","3":"status-publish","4":"has-post-thumbnail","6":"product_brand-xtirpa","7":"product_cat-horizontal","8":"product_cat-vertical","9":"product_tag-in-8008","11":"first","12":"instock","13":"shipping-taxable","14":"product-type-simple"},"acf":[],"_links":{"self":[{"href":"https:\/\/beslotenruimten.be\/fr\/wp-json\/wp\/v2\/product\/2302","targetHints":{"allow":["GET"]}}],"collection":[{"href":"https:\/\/beslotenruimten.be\/fr\/wp-json\/wp\/v2\/product"}],"about":[{"href":"https:\/\/beslotenruimten.be\/fr\/wp-json\/wp\/v2\/types\/product"}],"version-history":[{"count":6,"href":"https:\/\/beslotenruimten.be\/fr\/wp-json\/wp\/v2\/product\/2302\/revisions"}],"predecessor-version":[{"id":3912,"href":"https:\/\/beslotenruimten.be\/fr\/wp-json\/wp\/v2\/product\/2302\/revisions\/3912"}],"wp:featuredmedia":[{"embeddable":true,"href":"https:\/\/beslotenruimten.be\/fr\/wp-json\/wp\/v2\/media\/2310"}],"wp:attachment":[{"href":"https:\/\/beslotenruimten.be\/fr\/wp-json\/wp\/v2\/media?parent=2302"}],"wp:term":[{"taxonomy":"product_brand","embeddable":true,"href":"https:\/\/beslotenruimten.be\/fr\/wp-json\/wp\/v2\/product_brand?post=2302"},{"taxonomy":"product_cat","embeddable":true,"href":"https:\/\/beslotenruimten.be\/fr\/wp-json\/wp\/v2\/product_cat?post=2302"},{"taxonomy":"product_tag","embeddable":true,"href":"https:\/\/beslotenruimten.be\/fr\/wp-json\/wp\/v2\/product_tag?post=2302"}],"curies":[{"name":"wp","href":"https:\/\/api.w.org\/{rel}","templated":true}]}}