{"id":2252,"date":"2025-06-24T14:48:34","date_gmt":"2025-06-24T14:48:34","guid":{"rendered":"https:\/\/beslotenruimten.be\/?post_type=product&#038;p=2252"},"modified":"2025-08-05T12:08:21","modified_gmt":"2025-08-05T12:08:21","slug":"in-8007-potence-portee-6100-mm-stabilizateur-en-t","status":"publish","type":"product","link":"https:\/\/beslotenruimten.be\/fr\/produit\/in-8007-potence-portee-6100-mm-stabilizateur-en-t\/","title":{"rendered":"Potence de 610 mm et stabilisateur en T avec ancrage \u00ab\u00a0fixe\u00a0\u00bb"},"content":{"rendered":"<p style=\"font-weight: 400;\"><strong>Large \u00e9ventail d\u2019adaptateurs selon la structure<\/strong><\/p>\n<p style=\"font-weight: 400;\">Le syst\u00e8me IN-8007 se compose d\u2019un m\u00e2t IN-2003, d\u2019un bras de potence IN-2210 et d\u2019un stabilisateur en T IN-2204. Ce syst\u00e8me d\u2019acc\u00e8s peut \u00eatre install\u00e9 en tant que point d\u2019ancrage fixe ou mobile. Gr\u00e2ce \u00e0 sa large gamme d\u2019accessoires, le stabilisateur en T peut \u00eatre fix\u00e9 sur une boule d\u2019attelage (50 mm), un contrepoids mobile ou une mezzanine. Cela offre une solution de sauvetage innovante et flexible pour l\u2019acc\u00e8s vertical \u00e0 des puits, fosses, tranch\u00e9es et regards.<\/p>\n<p style=\"font-weight: 400;\"><strong>Compatibilit\u00e9 enrouleur \u00e0 rappel automatique avec r\u00e9cup\u00e9rateur \/ treuil<\/strong><\/p>\n<p style=\"font-weight: 400;\">L\u2019IN-8007 est compatible avec plusieurs treuils, dont le treuil Xtirpa\u2122 IN-2477. Il existe plusieurs supports de fixation pour une large gamme de SRL.<\/p>\n<p style=\"font-weight: 400;\"><strong>Point d\u2019ancrage solide pour 2 personnes<\/strong><\/p>\n<p style=\"font-weight: 400;\">Le syst\u00e8me d\u2019acc\u00e8s est con\u00e7u pour une charge de travail s\u00fbre jusqu\u2019\u00e0 164 kg et une r\u00e9sistance minimale \u00e0 la rupture de 16 kN, ce qui le rend conforme aux normes EN, OSHA, ANSI et CSA. Le syst\u00e8me est certifi\u00e9 pour un maximum de deux personnes selon la norme CEN\/TS 16415. L\u2019ancrage en D en acier, situ\u00e9 au centre du bras, a une r\u00e9sistance \u00e0 la rupture de 22 kN.<\/p>\n<p style=\"font-weight: 400;\"><strong>Installation et d\u00e9placement rapides et intuitifs<\/strong><\/p>\n<p style=\"font-weight: 400;\">Le syst\u00e8me s\u2019installe en quelques minutes et sans outils : le m\u00e2t est plac\u00e9 sur le stabilisateur, puis le bras de potence est positionn\u00e9 sur le m\u00e2t \u00e0 l\u2019aide de goupilles de s\u00e9curit\u00e9.<\/p>\n","protected":false},"excerpt":{"rendered":"<p style=\"font-weight: 400;\">M\u00e2t, potence port\u00e9e 2400 mm<\/p>\n","protected":false},"featured_media":2259,"template":"","meta":{"_acf_changed":false},"product_brand":[56],"product_cat":[25],"product_tag":[79],"class_list":{"0":"post-2252","1":"product","2":"type-product","3":"status-publish","4":"has-post-thumbnail","6":"product_brand-xtirpa","7":"product_cat-vertical","8":"product_tag-in-8007","10":"first","11":"instock","12":"shipping-taxable","13":"product-type-simple"},"acf":[],"_links":{"self":[{"href":"https:\/\/beslotenruimten.be\/fr\/wp-json\/wp\/v2\/product\/2252","targetHints":{"allow":["GET"]}}],"collection":[{"href":"https:\/\/beslotenruimten.be\/fr\/wp-json\/wp\/v2\/product"}],"about":[{"href":"https:\/\/beslotenruimten.be\/fr\/wp-json\/wp\/v2\/types\/product"}],"version-history":[{"count":7,"href":"https:\/\/beslotenruimten.be\/fr\/wp-json\/wp\/v2\/product\/2252\/revisions"}],"predecessor-version":[{"id":3867,"href":"https:\/\/beslotenruimten.be\/fr\/wp-json\/wp\/v2\/product\/2252\/revisions\/3867"}],"wp:featuredmedia":[{"embeddable":true,"href":"https:\/\/beslotenruimten.be\/fr\/wp-json\/wp\/v2\/media\/2259"}],"wp:attachment":[{"href":"https:\/\/beslotenruimten.be\/fr\/wp-json\/wp\/v2\/media?parent=2252"}],"wp:term":[{"taxonomy":"product_brand","embeddable":true,"href":"https:\/\/beslotenruimten.be\/fr\/wp-json\/wp\/v2\/product_brand?post=2252"},{"taxonomy":"product_cat","embeddable":true,"href":"https:\/\/beslotenruimten.be\/fr\/wp-json\/wp\/v2\/product_cat?post=2252"},{"taxonomy":"product_tag","embeddable":true,"href":"https:\/\/beslotenruimten.be\/fr\/wp-json\/wp\/v2\/product_tag?post=2252"}],"curies":[{"name":"wp","href":"https:\/\/api.w.org\/{rel}","templated":true}]}}