{"id":2243,"date":"2025-06-24T14:12:54","date_gmt":"2025-06-24T14:12:54","guid":{"rendered":"https:\/\/beslotenruimten.be\/?post_type=product&#038;p=2243"},"modified":"2025-08-06T13:43:25","modified_gmt":"2025-08-06T13:43:25","slug":"in-8006-potence-mat-portee-2400mm","status":"publish","type":"product","link":"https:\/\/beslotenruimten.be\/fr\/produit\/in-8006-potence-mat-portee-2400mm\/","title":{"rendered":"Potence de 2400 mm avec m\u00e2t et adaptateur fixe"},"content":{"rendered":"<p style=\"font-weight: 400;\"><strong>Port\u00e9e exceptionnelle<\/strong><\/p>\n<p style=\"font-weight: 400;\">L\u2019IN-8006 est un bras t\u00e9lescopique avec base fixe, id\u00e9al pour des travaux fr\u00e9quents dans des espaces confin\u00e9s. Le bras t\u00e9lescopique augmente la port\u00e9e de 1,52 m (60\u2033) \u00e0 2,44 m (96\u2033) \u00e0 l\u2019aide d\u2019une manivelle. Gr\u00e2ce \u00e0 sa port\u00e9e, le bras de potence permet d\u2019acc\u00e9der en toute s\u00e9curit\u00e9 \u00e0 plusieurs espaces confin\u00e9s apr\u00e8s installation.<\/p>\n<p style=\"font-weight: 400;\"><strong>Adaptateurs fixes personnalis\u00e9s<\/strong><\/p>\n<p style=\"font-weight: 400;\">Le syst\u00e8me IN-8006 comprend un m\u00e2t IN-2199, un bras de potence IN-2197 et un adaptateur fixe. Il est id\u00e9al pour l\u2019acc\u00e8s vertical dans des espaces confin\u00e9s o\u00f9 l\u2019on peut ancrer un adaptateur fixe au mur ou au sol.<\/p>\n<p style=\"font-weight: 400;\"><strong>M\u00e2t universel avec rallonges<\/strong><\/p>\n<p style=\"font-weight: 400;\">Le m\u00e2t universel est compatible avec diff\u00e9rents adaptateurs fixes (au sol et muraux). Le m\u00e2t et le bras de potence peuvent pivoter \u00e0 360\u00b0 en cas d\u2019\u00e9vacuation. Le m\u00e2t peut \u00eatre rallong\u00e9 \u00e0 l\u2019aide d\u2019extensions.<\/p>\n<p style=\"font-weight: 400;\"><strong>Compatibilit\u00e9 enrouleur \u00e0 rappel automatique avec r\u00e9cup\u00e9rateur \/ treuil<\/strong><\/p>\n<p style=\"font-weight: 400;\">L\u2019IN-8006 est compatible avec plusieurs treuils, dont le treuil pour personnes Xtirpa\u2122 IN-2477. Il existe divers supports de fixation pour une large gamme de blocs antichute avec levier d\u2019\u00e9vacuation.<\/p>\n<p style=\"font-weight: 400;\"><strong>Point d\u2019ancrage solide pour 3 personnes<\/strong><\/p>\n<p style=\"font-weight: 400;\">Le point d\u2019ancrage du bras de potence est con\u00e7u pour une charge de travail s\u00fbre jusqu\u2019\u00e0 164 kg, avec une r\u00e9sistance minimale \u00e0 la rupture de 16 kN, conforme aux normes EN, OSHA, ANSI et CSA. Le syst\u00e8me est certifi\u00e9 pour un maximum de trois personnes selon la norme CEN\/TS 16415. L\u2019ancrage en D en acier, situ\u00e9 sous le bras, a une r\u00e9sistance \u00e0 la rupture de 22 kN. Deux adaptateurs sont disponibles pour un SRL et un treuil pour personnes.<\/p>\n<p style=\"font-weight: 400;\"><strong>Installation intuitive<\/strong><\/p>\n<p style=\"font-weight: 400;\">Montage sans outils, s\u00e9curis\u00e9 par des goupilles de s\u00e9curit\u00e9.<\/p>\n","protected":false},"excerpt":{"rendered":"<p style=\"font-weight: 400;\">M\u00e2t, potence port\u00e9e 2400 mm<\/p>\n","protected":false},"featured_media":2299,"template":"","meta":{"_acf_changed":false},"product_brand":[56],"product_cat":[25],"product_tag":[78],"class_list":{"0":"post-2243","1":"product","2":"type-product","3":"status-publish","4":"has-post-thumbnail","6":"product_brand-xtirpa","7":"product_cat-vertical","8":"product_tag-in-8006","10":"first","11":"instock","12":"shipping-taxable","13":"product-type-simple"},"acf":[],"_links":{"self":[{"href":"https:\/\/beslotenruimten.be\/fr\/wp-json\/wp\/v2\/product\/2243","targetHints":{"allow":["GET"]}}],"collection":[{"href":"https:\/\/beslotenruimten.be\/fr\/wp-json\/wp\/v2\/product"}],"about":[{"href":"https:\/\/beslotenruimten.be\/fr\/wp-json\/wp\/v2\/types\/product"}],"version-history":[{"count":7,"href":"https:\/\/beslotenruimten.be\/fr\/wp-json\/wp\/v2\/product\/2243\/revisions"}],"predecessor-version":[{"id":3920,"href":"https:\/\/beslotenruimten.be\/fr\/wp-json\/wp\/v2\/product\/2243\/revisions\/3920"}],"wp:featuredmedia":[{"embeddable":true,"href":"https:\/\/beslotenruimten.be\/fr\/wp-json\/wp\/v2\/media\/2299"}],"wp:attachment":[{"href":"https:\/\/beslotenruimten.be\/fr\/wp-json\/wp\/v2\/media?parent=2243"}],"wp:term":[{"taxonomy":"product_brand","embeddable":true,"href":"https:\/\/beslotenruimten.be\/fr\/wp-json\/wp\/v2\/product_brand?post=2243"},{"taxonomy":"product_cat","embeddable":true,"href":"https:\/\/beslotenruimten.be\/fr\/wp-json\/wp\/v2\/product_cat?post=2243"},{"taxonomy":"product_tag","embeddable":true,"href":"https:\/\/beslotenruimten.be\/fr\/wp-json\/wp\/v2\/product_tag?post=2243"}],"curies":[{"name":"wp","href":"https:\/\/api.w.org\/{rel}","templated":true}]}}