{"id":2217,"date":"2025-06-23T19:22:19","date_gmt":"2025-06-23T19:22:19","guid":{"rendered":"https:\/\/beslotenruimten.be\/?post_type=product&#038;p=2217"},"modified":"2025-08-06T13:38:00","modified_gmt":"2025-08-06T13:38:00","slug":"in-8005-potence-mat-portee-1200mm","status":"publish","type":"product","link":"https:\/\/beslotenruimten.be\/fr\/produit\/in-8005-potence-mat-portee-1200mm\/","title":{"rendered":"Potence de 1200 mm avec m\u00e2t et adaptateur"},"content":{"rendered":"<p style=\"font-weight: 400;\"><strong>Port\u00e9e importante<\/strong><\/p>\n<p style=\"font-weight: 400;\">L\u2019IN-8005 est un bras de potence t\u00e9lescopique robuste avec une port\u00e9e r\u00e9glable de 762 \u00e0 1219 mm.<\/p>\n<p style=\"font-weight: 400;\"><strong>Adaptateurs personnalis\u00e9s selon la structure<\/strong><\/p>\n<p style=\"font-weight: 400;\">Le syst\u00e8me IN-8005 est compos\u00e9 d\u2019un m\u00e2t IN-2313, d\u2019un bras de potence IN-2237 et d\u2019un adaptateur fixe au sol ou mural. Il est id\u00e9al pour les acc\u00e8s verticaux dans des espaces confin\u00e9s o\u00f9 un ancrage fixe peut \u00eatre install\u00e9 au mur ou au sol. Le m\u00e2t (10,4 kg) et le bras (23 kg) peuvent \u00eatre transport\u00e9s s\u00e9par\u00e9ment.<\/p>\n<p style=\"font-weight: 400;\"><strong>M\u00e2t universel avec rallonges<\/strong><\/p>\n<p style=\"font-weight: 400;\">Le m\u00e2t et le bras de potence peuvent pivoter \u00e0 360\u00b0 lors d\u2019une \u00e9vacuation. Le m\u00e2t peut \u00eatre prolong\u00e9 \u00e0 l\u2019aide de rallonges lorsqu\u2019un adaptateur fixe est utilis\u00e9 (sol ou mur).<\/p>\n<p style=\"font-weight: 400;\"><strong>Compatibilit\u00e9 enrouleur \u00e0 rappel automatique avec r\u00e9cup\u00e9rateur \/ treuil<\/strong><\/p>\n<p style=\"font-weight: 400;\">L\u2019IN-8005 est compatible avec plusieurs treuils, y compris le treuil Xtirpa\u2122 IN-2477. Il existe plusieurs supports de fixation pour une large gamme de blocs antichute avec levier d\u2019\u00e9vacuation. \u00c0 l\u2019aide de l\u2019adaptateur SRL\/treuil (A2237-06), un deuxi\u00e8me antichute ou treuil peut \u00eatre mont\u00e9 sur le bras de potence. Le point d\u2019ancrage suppl\u00e9mentaire (A2237-17) offre des options pour un palan \u00e0 corde ou un treuil motoris\u00e9 pour personnes.<\/p>\n<p style=\"font-weight: 400;\"><strong>Point d\u2019ancrage solide pour 3 personnes<\/strong><\/p>\n<p style=\"font-weight: 400;\">Le point d\u2019ancrage du bras de potence est con\u00e7u pour une charge de travail s\u00fbre jusqu\u2019\u00e0 164 kg et pr\u00e9sente une r\u00e9sistance minimale \u00e0 la rupture de 16 kN, conforme aux normes EN, OSHA, ANSI et CSA. Le syst\u00e8me est certifi\u00e9 pour un maximum de trois personnes selon la norme CEN\/TS 16415. L\u2019ancrage en D en acier, au centre du bras, a une r\u00e9sistance \u00e0 la rupture de 22 kN.<\/p>\n<p style=\"font-weight: 400;\"><strong>Installation et d\u00e9placement rapides et intuitifs<\/strong><\/p>\n<p style=\"font-weight: 400;\">Le syst\u00e8me est install\u00e9 en quelques minutes et sans outils : le m\u00e2t est plac\u00e9 sur l\u2019adaptateur, et le bras de potence est verrouill\u00e9 sur le m\u00e2t \u00e0 l\u2019aide d\u2019une goupille de s\u00e9curit\u00e9.<\/p>\n","protected":false},"excerpt":{"rendered":"<p style=\"font-weight: 400;\">M\u00e2t, potence port\u00e9e 1200 mm<\/p>\n","protected":false},"featured_media":2224,"template":"","meta":{"_acf_changed":false},"product_brand":[56],"product_cat":[25],"product_tag":[77],"class_list":{"0":"post-2217","1":"product","2":"type-product","3":"status-publish","4":"has-post-thumbnail","6":"product_brand-xtirpa","7":"product_cat-vertical","8":"product_tag-in-8005","10":"first","11":"instock","12":"shipping-taxable","13":"product-type-simple"},"acf":[],"_links":{"self":[{"href":"https:\/\/beslotenruimten.be\/fr\/wp-json\/wp\/v2\/product\/2217","targetHints":{"allow":["GET"]}}],"collection":[{"href":"https:\/\/beslotenruimten.be\/fr\/wp-json\/wp\/v2\/product"}],"about":[{"href":"https:\/\/beslotenruimten.be\/fr\/wp-json\/wp\/v2\/types\/product"}],"version-history":[{"count":8,"href":"https:\/\/beslotenruimten.be\/fr\/wp-json\/wp\/v2\/product\/2217\/revisions"}],"predecessor-version":[{"id":3914,"href":"https:\/\/beslotenruimten.be\/fr\/wp-json\/wp\/v2\/product\/2217\/revisions\/3914"}],"wp:featuredmedia":[{"embeddable":true,"href":"https:\/\/beslotenruimten.be\/fr\/wp-json\/wp\/v2\/media\/2224"}],"wp:attachment":[{"href":"https:\/\/beslotenruimten.be\/fr\/wp-json\/wp\/v2\/media?parent=2217"}],"wp:term":[{"taxonomy":"product_brand","embeddable":true,"href":"https:\/\/beslotenruimten.be\/fr\/wp-json\/wp\/v2\/product_brand?post=2217"},{"taxonomy":"product_cat","embeddable":true,"href":"https:\/\/beslotenruimten.be\/fr\/wp-json\/wp\/v2\/product_cat?post=2217"},{"taxonomy":"product_tag","embeddable":true,"href":"https:\/\/beslotenruimten.be\/fr\/wp-json\/wp\/v2\/product_tag?post=2217"}],"curies":[{"name":"wp","href":"https:\/\/api.w.org\/{rel}","templated":true}]}}