{"id":2204,"date":"2025-06-23T18:53:57","date_gmt":"2025-06-23T18:53:57","guid":{"rendered":"https:\/\/beslotenruimten.be\/?post_type=product&#038;p=2204"},"modified":"2025-08-06T13:38:25","modified_gmt":"2025-08-06T13:38:25","slug":"in-8004-potence-mat-et-base-en-h","status":"publish","type":"product","link":"https:\/\/beslotenruimten.be\/fr\/produit\/in-8004-potence-mat-et-base-en-h\/","title":{"rendered":"Potence de 610 mm avec m\u00e2t et base en H"},"content":{"rendered":"<p style=\"font-weight: 400;\"><strong>Une solution mobile et modulaire<\/strong><\/p>\n<p style=\"font-weight: 400;\">Le syst\u00e8me IN-8004, \u00e9galement appel\u00e9 \u201cH-Base\u201d, combine un m\u00e2t, un bras de potence et une base mobile en H, con\u00e7u pour s\u00e9curiser les ouvertures verticales dans des espaces confin\u00e9s. Le bras de potence IN-2210 avec m\u00e2t IN-2003 offre une port\u00e9e r\u00e9glable de 381 \u00e0 610 mm et une hauteur de travail ajustable de 1.993 \u00e0 2.413 mm. La base en H est r\u00e9glable jusqu\u2019\u00e0 une largeur de 1430 mm. Elle peut aussi \u00eatre \u00e9quip\u00e9e d\u2019un bras de potence fixe IN-2483.<\/p>\n<p style=\"font-weight: 400;\"><strong>S\u00e9curit\u00e9 certifi\u00e9e pour 2 personnes<\/strong><\/p>\n<p style=\"font-weight: 400;\">Le syst\u00e8me pr\u00e9sente une r\u00e9sistance \u00e0 la rupture minimale de 16 kN et est certifi\u00e9 selon les normes ANSI, OSHA, CSA et EN 795. Le syst\u00e8me d\u2019acc\u00e8s autorise une charge de travail s\u00fbre de 164 kg. Il est \u00e9galement certifi\u00e9 CEN\/TS 16415 pour s\u00e9curiser jusqu\u2019\u00e0 2 personnes gr\u00e2ce \u00e0 un point d\u2019ancrage ind\u00e9pendant de 22 kN.<\/p>\n<p style=\"font-weight: 400;\"><strong>Installation rapide, intuitive et d\u00e9placement facile<\/strong><\/p>\n<p style=\"font-weight: 400;\">Le syst\u00e8me s\u2019installe en quelques minutes sans outils : le m\u00e2t est plac\u00e9 sur la base en H, et le bras de potence est verrouill\u00e9 sur le m\u00e2t \u00e0 l\u2019aide de goupilles de s\u00e9curit\u00e9.<\/p>\n<p style=\"font-weight: 400;\"><strong>Compatibilit\u00e9 enrouleur \u00e0 rappel automatique avec r\u00e9cup\u00e9rateur \/ treuil<\/strong><\/p>\n<p style=\"font-weight: 400;\">L\u2019IN-8004 est compatible avec plusieurs treuils, y compris le treuil Xtirpa\u2122 IN-2477. Divers supports de fixation sont disponibles pour une large gamme de SRL. Le bras de potence fixe IN-2483 dispose d\u2019un point d\u2019ancrage suppl\u00e9mentaire sur le bras pour fixer un palan \u00e0 corde ou un treuil motoris\u00e9 pour personnes.<\/p>\n","protected":false},"excerpt":{"rendered":"<p style=\"font-weight: 400;\">M\u00e2t, potence et base en H<\/p>\n","protected":false},"featured_media":2206,"template":"","meta":{"_acf_changed":false},"product_brand":[56],"product_cat":[25],"product_tag":[76],"class_list":{"0":"post-2204","1":"product","2":"type-product","3":"status-publish","4":"has-post-thumbnail","6":"product_brand-xtirpa","7":"product_cat-vertical","8":"product_tag-in-8004","10":"first","11":"instock","12":"shipping-taxable","13":"product-type-simple"},"acf":[],"_links":{"self":[{"href":"https:\/\/beslotenruimten.be\/fr\/wp-json\/wp\/v2\/product\/2204","targetHints":{"allow":["GET"]}}],"collection":[{"href":"https:\/\/beslotenruimten.be\/fr\/wp-json\/wp\/v2\/product"}],"about":[{"href":"https:\/\/beslotenruimten.be\/fr\/wp-json\/wp\/v2\/types\/product"}],"version-history":[{"count":7,"href":"https:\/\/beslotenruimten.be\/fr\/wp-json\/wp\/v2\/product\/2204\/revisions"}],"predecessor-version":[{"id":3915,"href":"https:\/\/beslotenruimten.be\/fr\/wp-json\/wp\/v2\/product\/2204\/revisions\/3915"}],"wp:featuredmedia":[{"embeddable":true,"href":"https:\/\/beslotenruimten.be\/fr\/wp-json\/wp\/v2\/media\/2206"}],"wp:attachment":[{"href":"https:\/\/beslotenruimten.be\/fr\/wp-json\/wp\/v2\/media?parent=2204"}],"wp:term":[{"taxonomy":"product_brand","embeddable":true,"href":"https:\/\/beslotenruimten.be\/fr\/wp-json\/wp\/v2\/product_brand?post=2204"},{"taxonomy":"product_cat","embeddable":true,"href":"https:\/\/beslotenruimten.be\/fr\/wp-json\/wp\/v2\/product_cat?post=2204"},{"taxonomy":"product_tag","embeddable":true,"href":"https:\/\/beslotenruimten.be\/fr\/wp-json\/wp\/v2\/product_tag?post=2204"}],"curies":[{"name":"wp","href":"https:\/\/api.w.org\/{rel}","templated":true}]}}