{"id":2184,"date":"2025-06-23T17:05:11","date_gmt":"2025-06-23T17:05:11","guid":{"rendered":"https:\/\/beslotenruimten.be\/?post_type=product&#038;p=2184"},"modified":"2025-08-06T13:38:55","modified_gmt":"2025-08-06T13:38:55","slug":"in-8003-potence-et-mat","status":"publish","type":"product","link":"https:\/\/beslotenruimten.be\/fr\/produit\/in-8003-potence-et-mat\/","title":{"rendered":"Potence de 610 mm avec m\u00e2t et adaptateur fixe"},"content":{"rendered":"<p style=\"font-weight: 400;\"><strong>Adaptateurs adapt\u00e9s \u00e0 la structure<\/strong><\/p>\n<p style=\"font-weight: 400;\">Le syst\u00e8me IN-8003 se compose d\u2019un m\u00e2t IN-2003, d\u2019un bras de potence IN-2210 et peut \u00eatre combin\u00e9 avec diff\u00e9rents types d\u2019adaptateurs au sol ou muraux. Il est id\u00e9al pour les acc\u00e8s verticaux dans des espaces confin\u00e9s o\u00f9 il est possible d\u2019ancrer un adaptateur fixe au mur ou au sol. Le m\u00e2t (10 kg) et le bras (16 kg) peuvent \u00eatre transport\u00e9s s\u00e9par\u00e9ment.<\/p>\n<p style=\"font-weight: 400;\"><strong>M\u00e2t universel avec rallonges<\/strong><\/p>\n<p style=\"font-weight: 400;\">Le m\u00e2t universel est compatible avec de nombreux adaptateurs mobiles et fixes (sol, mur, coin), offrant ainsi une solution modulaire pour diff\u00e9rents syst\u00e8mes. Le m\u00e2t et le bras de potence peuvent pivoter \u00e0 360\u00b0 en cas d\u2019\u00e9vacuation. Le m\u00e2t peut \u00eatre prolong\u00e9 \u00e0 l\u2019aide de rallonges, permettant d\u2019installer l\u2019antichute plus bas sur le bras de potence pour actionner le levier d\u2019\u00e9vacuation.<\/p>\n<p style=\"font-weight: 400;\"><strong>Compatibilit\u00e9 enrouleur \u00e0 rappel automatique avec r\u00e9cup\u00e9rateur \/ treuil<\/strong><\/p>\n<p style=\"font-weight: 400;\">L\u2019IN-8003 est compatible avec diff\u00e9rents treuils, dont le treuil Xtirpa\u2122 IN-2477. Plusieurs supports de fixation existent pour une large gamme de SRL.<\/p>\n<p style=\"font-weight: 400;\"><strong>Point d\u2019ancrage solide pour 2 personnes<\/strong><\/p>\n<p style=\"font-weight: 400;\">Le syst\u00e8me d\u2019acc\u00e8s est con\u00e7u pour une charge de travail s\u00fbre jusqu\u2019\u00e0 164 kg et a une r\u00e9sistance \u00e0 la rupture de 16,30 kN, r\u00e9pondant ainsi aux normes EN, OSHA, ANSI et CSA. Il est certifi\u00e9 selon la CEN\/TS 16415 pour un maximum de deux personnes. L\u2019ancrage en D en acier, au centre du bras, a une r\u00e9sistance \u00e0 la rupture de 22 kN.<\/p>\n<p style=\"font-weight: 400;\"><strong>Installation rapide et intuitive<\/strong><\/p>\n<p style=\"font-weight: 400;\">Le syst\u00e8me s\u2019installe en quelques minutes sans outils : le m\u00e2t est plac\u00e9 sur l\u2019adaptateur, le bras de potence est positionn\u00e9 sur le m\u00e2t \u00e0 l\u2019aide de goupilles de s\u00e9curit\u00e9.<\/p>\n","protected":false},"excerpt":{"rendered":"<p style=\"font-weight: 400;\">IN-8003<\/p>\n","protected":false},"featured_media":2200,"template":"","meta":{"_acf_changed":false},"product_brand":[56],"product_cat":[25],"product_tag":[75],"class_list":{"0":"post-2184","1":"product","2":"type-product","3":"status-publish","4":"has-post-thumbnail","6":"product_brand-xtirpa","7":"product_cat-vertical","8":"product_tag-in-8003","10":"first","11":"instock","12":"shipping-taxable","13":"product-type-simple"},"acf":[],"_links":{"self":[{"href":"https:\/\/beslotenruimten.be\/fr\/wp-json\/wp\/v2\/product\/2184","targetHints":{"allow":["GET"]}}],"collection":[{"href":"https:\/\/beslotenruimten.be\/fr\/wp-json\/wp\/v2\/product"}],"about":[{"href":"https:\/\/beslotenruimten.be\/fr\/wp-json\/wp\/v2\/types\/product"}],"version-history":[{"count":6,"href":"https:\/\/beslotenruimten.be\/fr\/wp-json\/wp\/v2\/product\/2184\/revisions"}],"predecessor-version":[{"id":3916,"href":"https:\/\/beslotenruimten.be\/fr\/wp-json\/wp\/v2\/product\/2184\/revisions\/3916"}],"wp:featuredmedia":[{"embeddable":true,"href":"https:\/\/beslotenruimten.be\/fr\/wp-json\/wp\/v2\/media\/2200"}],"wp:attachment":[{"href":"https:\/\/beslotenruimten.be\/fr\/wp-json\/wp\/v2\/media?parent=2184"}],"wp:term":[{"taxonomy":"product_brand","embeddable":true,"href":"https:\/\/beslotenruimten.be\/fr\/wp-json\/wp\/v2\/product_brand?post=2184"},{"taxonomy":"product_cat","embeddable":true,"href":"https:\/\/beslotenruimten.be\/fr\/wp-json\/wp\/v2\/product_cat?post=2184"},{"taxonomy":"product_tag","embeddable":true,"href":"https:\/\/beslotenruimten.be\/fr\/wp-json\/wp\/v2\/product_tag?post=2184"}],"curies":[{"name":"wp","href":"https:\/\/api.w.org\/{rel}","templated":true}]}}