{"id":2162,"date":"2025-06-23T14:47:00","date_gmt":"2025-06-23T14:47:00","guid":{"rendered":"https:\/\/beslotenruimten.be\/?post_type=product&#038;p=2162"},"modified":"2025-08-06T13:41:38","modified_gmt":"2025-08-06T13:41:38","slug":"barricade-autoportante","status":"publish","type":"product","link":"https:\/\/beslotenruimten.be\/fr\/produit\/barricade-autoportante\/","title":{"rendered":"Garde-corps avec potence de 610mm"},"content":{"rendered":"<p style=\"font-weight: 400;\"><strong>Protection collective<\/strong><\/p>\n<p style=\"font-weight: 400;\">L\u2019IN-8002 est un garde-corps sur laquelle peut \u00eatre fix\u00e9 un bras de potence avec une port\u00e9e de 610 mm. Ce syst\u00e8me d\u2019acc\u00e8s est sp\u00e9cialement con\u00e7u pour s\u00e9curiser les personnes travaillant au-dessus d\u2019ouvertures verticales (regards, trappes, etc.). La barri\u00e8re offre une protection collective pour les surveillants de s\u00e9curit\u00e9 ou autres passants.<\/p>\n<p style=\"font-weight: 400;\"><strong>Configuration en V ou \u00e0 4 c\u00f4t\u00e9s<\/strong><\/p>\n<p style=\"font-weight: 400;\">Gr\u00e2ce \u00e0 sa conception modulaire, l&rsquo;utilisateur peut configurer la barri\u00e8re de mani\u00e8re classique \u00e0 4 c\u00f4t\u00e9s ou en forme de \u201cV\u201d. La barri\u00e8re peut \u00eatre ouverte tout en maintenant la stabilit\u00e9. En configuration en V ou lors de l\u2019utilisation d\u2019un antichute de plus de 15 m, l&rsquo;utilisation d\u2019un stabilisateur suppl\u00e9mentaire est requise. Le stabilisateur \u00e0 roues (A2108-20) permet de d\u00e9placer le syst\u00e8me sur des surfaces planes.<\/p>\n<p style=\"font-weight: 400;\"><strong>Installation et d\u00e9placement rapides<\/strong><\/p>\n<p style=\"font-weight: 400;\">Le syst\u00e8me peut \u00eatre install\u00e9 en moins de 3 minutes, sans outils. Le verrouillage se fait \u00e0 l\u2019aide de goupilles de s\u00e9curit\u00e9. La barri\u00e8re, l\u00e9g\u00e8re et compacte, est facile \u00e0 transporter et peut \u00eatre install\u00e9e de mani\u00e8re autonome.<\/p>\n<p style=\"font-weight: 400;\"><strong>Compatibilit\u00e9 enrouleur \u00e0 rappel automatique avec r\u00e9cup\u00e9rateur \/ treuil<\/strong><\/p>\n<p style=\"font-weight: 400;\">L\u2019IN-8002 est enti\u00e8rement compatible avec le treuil SRL Xtirpa\u2122 (IN-2477) ou avec un treuil motoris\u00e9 pour personnes. Plusieurs supports de fixation sont disponibles pour diff\u00e9rentes marques d\u2019antichutes.<\/p>\n<p style=\"font-weight: 400;\"><strong>Point d\u2019ancrage solide et stable pour 2 personnes<\/strong><\/p>\n<p style=\"font-weight: 400;\">Le bras de potence combin\u00e9 \u00e0 le garde-corps a une r\u00e9sistance \u00e0 la rupture de 18,68 kN et est plus stable apr\u00e8s une chute par rapport au syst\u00e8me \u00e0 base en H. L\u2019ancrage en D en acier au centre du bras a une r\u00e9sistance \u00e0 la rupture de 22 kN.<br \/>\nLe syst\u00e8me est certifi\u00e9 selon les normes EN 795 type B, CEN\/TS 16415 pour 2 personnes, OSHA, CSA et a une charge de travail s\u00fbre de 190 kg.<\/p>\n","protected":false},"excerpt":{"rendered":"<p>IN-8002<\/p>\n","protected":false},"featured_media":2169,"template":"","meta":{"_acf_changed":false},"product_brand":[56],"product_cat":[25],"product_tag":[74],"class_list":{"0":"post-2162","1":"product","2":"type-product","3":"status-publish","4":"has-post-thumbnail","6":"product_brand-xtirpa","7":"product_cat-vertical","8":"product_tag-in-8002","10":"first","11":"instock","12":"shipping-taxable","13":"product-type-simple"},"acf":[],"_links":{"self":[{"href":"https:\/\/beslotenruimten.be\/fr\/wp-json\/wp\/v2\/product\/2162","targetHints":{"allow":["GET"]}}],"collection":[{"href":"https:\/\/beslotenruimten.be\/fr\/wp-json\/wp\/v2\/product"}],"about":[{"href":"https:\/\/beslotenruimten.be\/fr\/wp-json\/wp\/v2\/types\/product"}],"version-history":[{"count":9,"href":"https:\/\/beslotenruimten.be\/fr\/wp-json\/wp\/v2\/product\/2162\/revisions"}],"predecessor-version":[{"id":3917,"href":"https:\/\/beslotenruimten.be\/fr\/wp-json\/wp\/v2\/product\/2162\/revisions\/3917"}],"wp:featuredmedia":[{"embeddable":true,"href":"https:\/\/beslotenruimten.be\/fr\/wp-json\/wp\/v2\/media\/2169"}],"wp:attachment":[{"href":"https:\/\/beslotenruimten.be\/fr\/wp-json\/wp\/v2\/media?parent=2162"}],"wp:term":[{"taxonomy":"product_brand","embeddable":true,"href":"https:\/\/beslotenruimten.be\/fr\/wp-json\/wp\/v2\/product_brand?post=2162"},{"taxonomy":"product_cat","embeddable":true,"href":"https:\/\/beslotenruimten.be\/fr\/wp-json\/wp\/v2\/product_cat?post=2162"},{"taxonomy":"product_tag","embeddable":true,"href":"https:\/\/beslotenruimten.be\/fr\/wp-json\/wp\/v2\/product_tag?post=2162"}],"curies":[{"name":"wp","href":"https:\/\/api.w.org\/{rel}","templated":true}]}}