{"id":1589,"date":"2025-05-26T19:06:59","date_gmt":"2025-05-26T19:06:59","guid":{"rendered":"https:\/\/beslotenruimten.be\/?post_type=product&#038;p=1589"},"modified":"2025-09-03T13:22:25","modified_gmt":"2025-09-03T13:22:25","slug":"xtirpa-winch","status":"publish","type":"product","link":"https:\/\/beslotenruimten.be\/fr\/produit\/xtirpa-winch\/","title":{"rendered":"Xtirpa\u2122 Winch"},"content":{"rendered":"<h3 class=\"p1\">Le treuil r\u00e9volutionnaire Xtirpa\u2122 red\u00e9finit la performance l\u00e9g\u00e8re<\/h3>\n<p>Nous sommes ravis de vous d\u00e9voiler la derni\u00e8re avanc\u00e9e en mati\u00e8re de technologie de treuil : le treuil Xtirpa\u2122.<\/p>\n<p>Con\u00e7u pour d\u00e9passer vos attentes, le treuil Xtirpa\u2122 est pr\u00eat \u00e0 transformer votre perception des treuils l\u00e9gers. Gr\u00e2ce \u00e0 son design innovant et ses fonctionnalit\u00e9s de pointe, cet outil exceptionnel deviendra un atout essentiel pour vos \u00e9quipes intervenant en espaces confin\u00e9s. Issu d\u2019une approche visionnaire, le treuil Xtirpa\u2122 red\u00e9finit ce que signifie \u00eatre l\u00e9ger.<\/p>\n<p>Fabriqu\u00e9 avec des mat\u00e9riaux de pointe et une ing\u00e9nierie de pr\u00e9cision, ce treuil offre une combinaison in\u00e9gal\u00e9e de puissance et de portabilit\u00e9. Son design l\u00e9ger garantit une facilit\u00e9 de transport, en faisant le choix id\u00e9al pour les professionnels en d\u00e9placement.<\/p>\n<h3>Poign\u00e9e interchangeable<\/h3>\n<p>Nous savons \u00e0 quel point l\u2019adaptabilit\u00e9 est essentielle dans votre travail quotidien. Le treuil Xtirpa\u2122 a \u00e9t\u00e9 con\u00e7u dans une optique de praticit\u00e9, avec une poign\u00e9e interchangeable. Cette fonctionnalit\u00e9 innovante vous permet de passer facilement d\u2019une configuration de poign\u00e9e \u00e0 une autre, en fonction des besoins sp\u00e9cifiques de vos op\u00e9rations. Qu\u2019il s\u2019agisse d\u2019une installation verticale ou horizontale, le treuil Xtirpa\u2122 offre une polyvalence in\u00e9gal\u00e9e.<\/p>\n<h3>Remplacement du c\u00e2ble simplifi\u00e9<\/h3>\n<p>Fini les proc\u00e9dures complexes de remplacement de c\u00e2ble. Le treuil Xtirpa\u2122 innove avec un syst\u00e8me de c\u00e2ble facile \u00e0 remplacer. Nos ing\u00e9nieurs ont d\u00e9velopp\u00e9 un m\u00e9canisme intuitif qui vous permet de changer rapidement le c\u00e2ble, r\u00e9duisant ainsi les temps d\u2019arr\u00eat et optimisant l\u2019efficacit\u00e9. Dites adieu aux longues op\u00e9rations de maintenance et bonjour \u00e0 une utilisation fluide.<\/p>\n<h3>Ing\u00e9nierie<\/h3>\n<p>Conscients que le temps est pr\u00e9cieux, nous avons con\u00e7u le treuil Xtirpa\u2122 pour simplifier la maintenance comme jamais auparavant. Son design modulaire permet un acc\u00e8s rapide aux composants essentiels, garantissant des interventions rapides et efficaces. R\u00e9sultat: plus de temps pour vos projets, moins de tracas li\u00e9s \u00e0 l\u2019entretien du mat\u00e9riel.<\/p>\n","protected":false},"excerpt":{"rendered":"<p>IN-2477 | IN-2477S<\/p>\n","protected":false},"featured_media":1601,"template":"","meta":{"_acf_changed":false},"product_brand":[],"product_cat":[28],"product_tag":[87],"class_list":{"0":"post-1589","1":"product","2":"type-product","3":"status-publish","4":"has-post-thumbnail","6":"product_cat-accessory","7":"product_tag-in-2477-and-in-2477s","9":"first","10":"instock","11":"shipping-taxable","12":"product-type-simple"},"acf":[],"_links":{"self":[{"href":"https:\/\/beslotenruimten.be\/fr\/wp-json\/wp\/v2\/product\/1589","targetHints":{"allow":["GET"]}}],"collection":[{"href":"https:\/\/beslotenruimten.be\/fr\/wp-json\/wp\/v2\/product"}],"about":[{"href":"https:\/\/beslotenruimten.be\/fr\/wp-json\/wp\/v2\/types\/product"}],"version-history":[{"count":15,"href":"https:\/\/beslotenruimten.be\/fr\/wp-json\/wp\/v2\/product\/1589\/revisions"}],"predecessor-version":[{"id":3034,"href":"https:\/\/beslotenruimten.be\/fr\/wp-json\/wp\/v2\/product\/1589\/revisions\/3034"}],"wp:featuredmedia":[{"embeddable":true,"href":"https:\/\/beslotenruimten.be\/fr\/wp-json\/wp\/v2\/media\/1601"}],"wp:attachment":[{"href":"https:\/\/beslotenruimten.be\/fr\/wp-json\/wp\/v2\/media?parent=1589"}],"wp:term":[{"taxonomy":"product_brand","embeddable":true,"href":"https:\/\/beslotenruimten.be\/fr\/wp-json\/wp\/v2\/product_brand?post=1589"},{"taxonomy":"product_cat","embeddable":true,"href":"https:\/\/beslotenruimten.be\/fr\/wp-json\/wp\/v2\/product_cat?post=1589"},{"taxonomy":"product_tag","embeddable":true,"href":"https:\/\/beslotenruimten.be\/fr\/wp-json\/wp\/v2\/product_tag?post=1589"}],"curies":[{"name":"wp","href":"https:\/\/api.w.org\/{rel}","templated":true}]}}