{"id":1386,"date":"2025-05-19T20:54:45","date_gmt":"2025-05-19T20:54:45","guid":{"rendered":"https:\/\/beslotenruimten.be\/?post_type=product&#038;p=1386"},"modified":"2025-09-03T13:28:22","modified_gmt":"2025-09-03T13:28:22","slug":"x-trak-r","status":"publish","type":"product","link":"https:\/\/beslotenruimten.be\/fr\/produit\/x-trak-r\/","title":{"rendered":"Syst\u00e8me de levage X-Trak-R"},"content":{"rendered":"<h4>La t\u00eate pivotante nouvellement con\u00e7ue<\/h4>\n<p>L&rsquo;\u00e9quipe d&rsquo;ing\u00e9nierie d&rsquo;Xtirpa\u2122 a mobilis\u00e9 toute son expertise et ses connaissances pour concevoir une <strong>t\u00eate pivotante \u00e0 360\u00b0 qui permet au X-TRAK-R de fonctionner dans toutes les directions<\/strong>, faisant ainsi de ce treuil \u00e0 m\u00e2t la <strong>solution de s\u00e9curit\u00e9 pour espaces confin\u00e9s la plus flexible<\/strong> du march\u00e9. L&rsquo;angle de la t\u00eate peut \u00e9galement \u00eatre ajust\u00e9 pour s&rsquo;adapter \u00e0 tout environnement de travail. La t\u00eate du X-TRAK-R est \u00e9galement \u00e9quip\u00e9e de nombreux points d&rsquo;ancrage de retenue pour s\u00e9curiser le syst\u00e8me dans toutes les directions.<\/p>\n<h4>Atteindre des hauteurs de 122,8\u2033 (3120 mm) avec les extensions de treuil<\/h4>\n<p>Le X-TRAK-R a \u00e9t\u00e9 con\u00e7u avec son concept modulaire caract\u00e9ristique Xtirpa\u2122 vous permettant d&rsquo;atteindre des hauteurs de 122,8\u2033 (3120 mm) avec max. 3 extensions optionnelles A2557-25. Toutes les extensions sont \u00e9quip\u00e9es des goupilles de verrouillage en place rendant l&rsquo;assemblage rapide, plus facile et plus s\u00fbr.<\/p>\n<h4>Les nouvelles goupilles de verrouillage en place<\/h4>\n<p>Les goupilles de verrouillage en place sont une autre innovation sans pr\u00e9c\u00e9dent int\u00e9gr\u00e9e dans le syst\u00e8me de treuil \u00e0 m\u00e2t X-TRAK-R. Ces goupilles sont facilement ins\u00e9r\u00e9es et s\u00e9curis\u00e9es en les poussant simplement en place, rendant l&rsquo;assemblage du syst\u00e8me encore plus s\u00fbr et plus rapide.<\/p>\n<h4>Ajustement de l&rsquo;angle du syst\u00e8me facilit\u00e9<\/h4>\n<p>Un syst\u00e8me de goupille de verrouillage en place unique a \u00e9t\u00e9 install\u00e9 pour ajuster l&rsquo;angle du stabilisateur en T du treuil \u00e0 m\u00e2t. Rel\u00e2chez la goupille de verrouillage en place et ajustez l&rsquo;angle (+\/- 30\u00b0) du stabilisateur en T pour s&rsquo;adapter \u00e0 vos conditions de travail.<\/p>\n<h4>Le support ajustable pour syst\u00e8mes SRL \/ treuil<\/h4>\n<p>Une autre innovation disponible uniquement sur le treuil \u00e0 m\u00e2t X-TRAK-R est l&rsquo;adaptateur de support ajustable. Avec une goupille s\u00e9curis\u00e9e par ressort, vous pouvez d\u00e9placer le support SRL \/ treuil \u00e0 n&rsquo;importe quelle position d\u00e9sir\u00e9e le long du rail sup\u00e9rieur du treuil facilitant les op\u00e9rations de sauvetage.<\/p>\n<h4>Hauteur ajustable du stabilisateur en T d&rsquo;une simple pression sur un bouton<\/h4>\n<p>Ajuster la hauteur du stabilisateur en T du X-TRAK-R est une t\u00e2che facile. D&rsquo;une simple pression sur un bouton, vous pouvez maintenant abaisser ou \u00e9lever l&rsquo;ensemble du syst\u00e8me \u00e0 la hauteur d\u00e9sir\u00e9e, 10 intervalles sont disponibles.<\/p>\n<h4>S\u00e9curiser le X-TRAK-R \u00e0 n&rsquo;importe quel point<\/h4>\n<p>Pour assurer la s\u00e9curit\u00e9 de l&rsquo;\u00e9quipe, le X-TRAK-R a \u00e9t\u00e9 \u00e9quip\u00e9 de multiples points d&rsquo;ancrage de retenue. Autant autour de la t\u00eate pivotante que sur l&rsquo;arri\u00e8re du syst\u00e8me. Ils sont con\u00e7us pour attacher le syst\u00e8me lorsqu&rsquo;il est utilis\u00e9 dans des configurations de travail sp\u00e9cifiques ex. +\/- 90\u00b0 par rapport au point d&rsquo;entr\u00e9e.<\/p>\n","protected":false},"excerpt":{"rendered":"<p>La perche de levage la plus polyvalent du march\u00e9<\/p>\n","protected":false},"featured_media":1388,"template":"","meta":{"_acf_changed":false},"product_brand":[56],"product_cat":[26,25],"product_tag":[86],"class_list":{"0":"post-1386","1":"product","2":"type-product","3":"status-publish","4":"has-post-thumbnail","6":"product_brand-xtirpa","7":"product_cat-horizontal","8":"product_cat-vertical","9":"product_tag-in-8025","11":"first","12":"instock","13":"shipping-taxable","14":"product-type-simple"},"acf":[],"_links":{"self":[{"href":"https:\/\/beslotenruimten.be\/fr\/wp-json\/wp\/v2\/product\/1386","targetHints":{"allow":["GET"]}}],"collection":[{"href":"https:\/\/beslotenruimten.be\/fr\/wp-json\/wp\/v2\/product"}],"about":[{"href":"https:\/\/beslotenruimten.be\/fr\/wp-json\/wp\/v2\/types\/product"}],"version-history":[{"count":37,"href":"https:\/\/beslotenruimten.be\/fr\/wp-json\/wp\/v2\/product\/1386\/revisions"}],"predecessor-version":[{"id":3918,"href":"https:\/\/beslotenruimten.be\/fr\/wp-json\/wp\/v2\/product\/1386\/revisions\/3918"}],"wp:featuredmedia":[{"embeddable":true,"href":"https:\/\/beslotenruimten.be\/fr\/wp-json\/wp\/v2\/media\/1388"}],"wp:attachment":[{"href":"https:\/\/beslotenruimten.be\/fr\/wp-json\/wp\/v2\/media?parent=1386"}],"wp:term":[{"taxonomy":"product_brand","embeddable":true,"href":"https:\/\/beslotenruimten.be\/fr\/wp-json\/wp\/v2\/product_brand?post=1386"},{"taxonomy":"product_cat","embeddable":true,"href":"https:\/\/beslotenruimten.be\/fr\/wp-json\/wp\/v2\/product_cat?post=1386"},{"taxonomy":"product_tag","embeddable":true,"href":"https:\/\/beslotenruimten.be\/fr\/wp-json\/wp\/v2\/product_tag?post=1386"}],"curies":[{"name":"wp","href":"https:\/\/api.w.org\/{rel}","templated":true}]}}